{"id":299,"date":"2017-12-17T00:56:31","date_gmt":"2017-12-17T00:56:31","guid":{"rendered":"http:\/\/www.airlivedrive.com\/es\/?page_id=299"},"modified":"2026-02-05T11:27:51","modified_gmt":"2026-02-05T11:27:51","slug":"pro-version","status":"publish","type":"page","link":"https:\/\/www.airlivedrive.com\/es\/pro-version\/","title":{"rendered":"Versi\u00f3n Pro"},"content":{"rendered":"\n<p>Consigue todas las funciones de Air Live Drive con la versi\u00f3n Pro durante un a\u00f1o o para siempre (1 licencia por dispositivo).<\/p>\n\n\n<style type=\"text\/css\">\r\n    * {\r\n    margin: 0;\r\n    padding: 0;\r\n    -webkit-box-sizing: border-box;\r\n    -moz-box-sizing: border-box;\r\n    box-sizing: border-box;\r\n}\r\n\r\n.bodyprice {\r\n    background: #ffffff;\r\n    color: #FFF;\r\n    font-size: 62.5%;\r\n    font-family: 'Raleway', Arial, Helvetica, Sans-serif, Verdana;\r\n}\r\n\r\n.bodyprice ul {\r\n    list-style-type: none;\r\n}\r\n\r\n.bodyprice a {\r\n    color: #e95846;\r\n    text-decoration: none;\r\n}\r\n\r\n.pricing-table-title {\r\n    text-transform: uppercase;\r\n    font-weight: 700;\r\n    font-size: 20px;\r\n    color: #FFF;\r\n    text-align: left;\r\n    margin-bottom: 25px;\r\n    text-shadow: 0 1px 1px rgba(0,0,0,0.4);\r\n}\r\n\r\n.pricing-table-title a {\r\n    font-size: 0.6em;\r\n}\r\n\r\n.clearfix:after {\r\n    content: '';\r\n    display: block;\r\n    height: 0;\r\n    width: 0;\r\n    clear: both;\r\n}\r\n\/** ========================\r\n * Contenedor\r\n ============================*\/\r\n.pricing-wrapper {\r\n    width: 960px;\r\n    margin: 40px auto 0;\r\n}\r\n\r\n.pricing-table {\r\n    margin: 0 10px;\r\n    text-align: center;\r\n    width: 300px;\r\n    float: left;\r\n    -webkit-box-shadow: 0 0 15px rgba(0,0,0,0.4);\r\n    box-shadow: 0 0 15px rgba(0,0,0,0.4);\r\n    -webkit-transition: all 0.25s ease;\r\n    -o-transition: all 0.25s ease;\r\n    transition: all 0.25s ease;\r\n}\r\n\r\n.pricing-table:hover {\r\n    -webkit-transform: scale(1.06);\r\n    -ms-transform: scale(1.06);\r\n    -o-transform: scale(1.06);\r\n    transform: scale(1.06);\r\n}\r\n\r\n.pricing-title {\r\n    color: #FFF;\r\n    background: #b0c5db;\r\n    padding: 30px 0;\r\n    font-size: 20px;\r\n    text-transform: uppercase;\r\n}\r\n\r\n.pricing-title h1, h2, h3, h4, h5, h6{\r\n    margin-top: 0;\r\n    margin-bottom: 0;\r\n}\r\n\r\n.pricing-table.recommended .pricing-title {\r\n    background: #1b2341;\r\n}\r\n\r\n.pricing-table.recommended .pricing-action {\r\n    background: #1b2341;\r\n}\r\n\r\n.pricing-table .price {\r\n    background: #2e3d5f;\r\n    font-size: 20px;\r\n    font-weight: 700;\r\n    padding: 20px 0;\r\n    text-shadow: 0 1px 1px rgba(0,0,0,0.4);\r\n}\r\n\r\n.pricing-table .price sup {\r\n    font-size: 20px;\r\n    position: relative;\r\n}\r\n\r\n.table-list {\r\n    background: #FFF;\r\n    color: #1b2341;\r\n}\r\n\r\n.table-list li {\r\n    font-size: 16px;\r\n    font-weight: 600;\r\n    padding: 12px 8px;\r\n}\r\n\r\n.table-list li span {\r\n    font-weight: 400;\r\n}\r\n\r\n.table-list li span.unlimited {\r\n    color: #FFF;\r\n    background: #2e3d5f;\r\n    font-size: 12px;\r\n    padding: 5px 7px;\r\n    display: inline-block;\r\n    -webkit-border-radius: 35px;\r\n    -moz-border-radius: 35px;\r\n    border-radius: 35px;\r\n}\r\n\r\n\r\n.table-list li:nth-child(2n) {\r\n    background: #dedfe3;\r\n}\r\n\r\n.table-buy {\r\n    background: #FFF;\r\n    padding: 15px;\r\n    text-align: left;\r\n    overflow: hidden;\r\n}\r\n\r\n.table-buy p {\r\n    float: left;\r\n    color: #1b2341;\r\n    font-weight: 700;\r\n    font-size: 2.4em;\r\n}\r\n\r\n.table-buy p sup {\r\n    font-size: 0.5em;\r\n    position: relative;\r\n    left: 5px;\r\n}\r\n\r\n.table-buy .pricing-action {\r\n    float: right;\r\n    color: #FFF;\r\n    background: #97aec5;\r\n    padding: 10px 16px;\r\n    -webkit-border-radius: 2px;\r\n    -moz-border-radius: 2px;\r\n    border-radius: 2px;\r\n    font-weight: 700;\r\n    font-size: 1.4em;\r\n    text-shadow: 0 1px 1px rgba(0,0,0,0.4);\r\n    -webkit-transition: all 0.25s ease;\r\n    -o-transition: all 0.25s ease;\r\n    transition: all 0.25s ease;\r\n}\r\n\r\n.table-buy .pricing-action:hover {\r\n    background: #e9ca73;\r\n}\r\n\r\n.recommended .table-buy .pricing-action:hover {\r\n    background: #e9ca73;    \r\n}\r\n\r\n\/** ================\r\n * Responsive\r\n ===================*\/\r\n @media only screen and (min-width: 768px) and (max-width: 959px) {\r\n    .pricing-wrapper {\r\n        width: 768px;\r\n    }\r\n\r\n    .pricing-table {\r\n        width: 236px;\r\n    }\r\n    \r\n    .table-list li {\r\n        font-size: 1.3em;\r\n    }\r\n\r\n }\r\n\r\n @media only screen and (max-width: 767px) {\r\n    .pricing-wrapper {\r\n        width: 420px;\r\n    }\r\n\r\n    .pricing-table {\r\n        display: block;\r\n        float: none;\r\n        margin: 0 0 20px 0;\r\n        width: 100%;\r\n    }\r\n }\r\n\r\n@media only screen and (max-width: 479px) {\r\n    .pricing-wrapper {\r\n        width: 300px;\r\n    }\r\n} \r\n<\/style>\r\n\r\n\r\n<div class=\"bodyprice\">\r\n    <div class=\"pricing-wrapper clearfix\">\r\n\r\n\r\n        <div class=\"pricing-table\">\r\n            <h3 class=\"pricing-title\">B\u00e1sico<\/h3>\r\n            <div class=\"price\">GRATIS<\/div>\r\n            <!-- Lista de Caracteristicas \/ Propiedades -->\r\n            <ul class=\"table-list\">\r\n                <li>1 disco <span>por nube<\/span><\/li>\r\n                <li>M\u00e1ximo de 3 discos <span>dados de alta<\/span><\/li>\r\n                <li>Sin contrase\u00f1a <span>para entrar<\/span><\/li>\r\n                <li>Sin contrase\u00f1a <span>de administrador<\/span><\/li>\r\n                <li>No exporta e importa discos<\/li>\r\n            <\/ul>\r\n            <!-- Contratar \/ Comprar -->\r\n            <div class=\"table-buy\">\r\n                <p>GRATIS<\/p>\r\n                <a href=\"https:\/\/www.airlivedrive.com\/downloads\/AirLiveDrive-Installer.exe\" class=\"pricing-action\">Descargar<\/a>\r\n            <\/div>\r\n        <\/div>\r\n        \r\n        <div class=\"pricing-table recommended\">\r\n            <h3 class=\"pricing-title\">Pro Ilimitado<\/h3>\r\n            <div class=\"price\">24,50\u20ac<\/div>\r\n            <!-- Lista de Caracteristicas \/ Propiedades -->\r\n            <ul class=\"table-list\">\r\n                <li><span class=\"unlimited\">Ilimitados<\/span> discos por nube<\/li>\r\n                <li><span class=\"unlimited\">Ilimitados<\/span> discos dados de alta<\/li>\r\n                <li>Contrase\u00f1a <span>para entrar<\/span><\/li>\r\n                <li>Contrase\u00f1a <span>de administrador<\/span><\/li>\r\n                <li>Exporta e importa discos<\/li>\r\n            <\/ul>\r\n            <!-- Contratar \/ Comprar -->\r\n            <div class=\"table-buy\">\r\n                <p>24,50\u20ac<\/p>\r\n                <a href=\"https:\/\/store.payproglobal.com\/checkout?products[1][id]=78819\" class=\"pricing-action\" target=\"_blank\">Comprar<\/a>\r\n            <\/div>\r\n        <\/div>\r\n\r\n        <div class=\"pricing-table\">\r\n            <h3 class=\"pricing-title\">1 a\u00f1o<\/h3>\r\n            <div class=\"price\">17\u20ac<\/div>\r\n            <!-- Lista de Caracteristicas \/ Propiedades -->\r\n            <ul class=\"table-list\">\r\n                <li><span class=\"unlimited\">Ilimitados<\/span> discos por nube<\/li>\r\n                <li><span class=\"unlimited\">Ilimitados<\/span> discos dados de alta<\/li>\r\n                <li>Contrase\u00f1a <span>para entrar<\/span><\/li>\r\n                <li>Contrase\u00f1a <span>de administrador<\/span><\/li>\r\n                <li>Exporta e importa discos<\/li>\r\n            <\/ul>\r\n            <!-- Contratar \/ Comprar -->\r\n            <div class=\"table-buy\">\r\n                <p>17\u20ac<\/p>\r\n                <a href=\"https:\/\/store.payproglobal.com\/checkout?products[1][id]=78820\" class=\"pricing-action\" target=\"_blank\">Comprar<\/a>\r\n            <\/div>\r\n        <\/div>\r\n    <\/div>\r\n<\/div>\n\n\n\n<br><font size=\"2\">By clicking [comprar], you will continue to the PayPro checkout page where payment will be taken, and your order fulfilled by PayPro, our trusted reseller, and Merchant of Record.<\/font>\n\n\n\n<p class=\"has-text-align-center\">Reembolso garantizado durante 15 d\u00edas<\/p>\n\n\n\n<div style=\"height:50px\" aria-hidden=\"true\" class=\"wp-block-spacer\"><\/div>\n\n\n\n<h3 class=\"wp-block-heading\">Air Live Drive Pro: Gesti\u00f3n profesional de nubes en Windows<\/h3>\n\n\n\n<div style=\"height:25px\" aria-hidden=\"true\" class=\"wp-block-spacer\"><\/div>\n\n\n\n<p>La versi\u00f3n Pro de Air Live Drive elimina las limitaciones de la versi\u00f3n gratuita, permitiendo una integraci\u00f3n total y profesional de m\u00faltiples servicios de almacenamiento en la nube como discos locales. Al adquirir una licencia, se habilitan funciones avanzadas optimizando el flujo de trabajo sin ocupar espacio en el disco duro f\u00edsico.<\/p>\n\n\n\n<div style=\"height:25px\" aria-hidden=\"true\" class=\"wp-block-spacer\"><\/div>\n\n\n\n<h3 class=\"wp-block-heading\">Preguntas frecuentes sobre la licencia de Air Live Drive Pro<\/h3>\n\n\n\n<div style=\"height:25px\" aria-hidden=\"true\" class=\"wp-block-spacer\"><\/div>\n\n\n\n<div data-wp-context=\"{ &quot;autoclose&quot;: false, &quot;accordionItems&quot;: [] }\" data-wp-interactive=\"core\/accordion\" role=\"group\" class=\"wp-block-accordion is-layout-flow wp-block-accordion-is-layout-flow\">\n<div data-wp-class--is-open=\"state.isOpen\" data-wp-context=\"{ &quot;id&quot;: &quot;accordion-item-1&quot;, &quot;openByDefault&quot;: false }\" data-wp-init=\"callbacks.initAccordionItems\" data-wp-on-window--hashchange=\"callbacks.hashChange\" class=\"wp-block-accordion-item is-layout-flow wp-block-accordion-item-is-layout-flow\">\n<h3 class=\"wp-block-accordion-heading\" style=\"font-size:18px\"><button aria-expanded=\"false\" aria-controls=\"accordion-item-1-panel\" data-wp-bind--aria-expanded=\"state.isOpen\" data-wp-on--click=\"actions.toggle\" data-wp-on--keydown=\"actions.handleKeyDown\" id=\"accordion-item-1\" type=\"button\" class=\"wp-block-accordion-heading__toggle\"><span class=\"wp-block-accordion-heading__toggle-title\">\u00bfIncluye la versi\u00f3n Pro Ilimitada todas las actualizaciones?<\/span><span class=\"wp-block-accordion-heading__toggle-icon\" aria-hidden=\"true\">+<\/span><\/button><\/h3>\n\n\n\n<div inert aria-labelledby=\"accordion-item-1\" data-wp-bind--inert=\"!state.isOpen\" id=\"accordion-item-1-panel\" role=\"region\" class=\"wp-block-accordion-panel is-layout-flow wp-block-accordion-panel-is-layout-flow\">\n<p>La versi\u00f3n Pro garantiza el acceso permanente a todas las versiones y actualizaciones futuras de Air Live Drive Pro.<\/p>\n<\/div>\n<\/div>\n<\/div>\n\n\n\n<div style=\"height:10px\" aria-hidden=\"true\" class=\"wp-block-spacer\"><\/div>\n\n\n\n<div data-wp-context=\"{ &quot;autoclose&quot;: false, &quot;accordionItems&quot;: [] }\" data-wp-interactive=\"core\/accordion\" role=\"group\" class=\"wp-block-accordion is-layout-flow wp-block-accordion-is-layout-flow\">\n<div data-wp-class--is-open=\"state.isOpen\" data-wp-context=\"{ &quot;id&quot;: &quot;accordion-item-2&quot;, &quot;openByDefault&quot;: false }\" data-wp-init=\"callbacks.initAccordionItems\" data-wp-on-window--hashchange=\"callbacks.hashChange\" class=\"wp-block-accordion-item is-layout-flow wp-block-accordion-item-is-layout-flow\">\n<h3 class=\"wp-block-accordion-heading\" style=\"font-size:18px\"><button aria-expanded=\"false\" aria-controls=\"accordion-item-2-panel\" data-wp-bind--aria-expanded=\"state.isOpen\" data-wp-on--click=\"actions.toggle\" data-wp-on--keydown=\"actions.handleKeyDown\" id=\"accordion-item-2\" type=\"button\" class=\"wp-block-accordion-heading__toggle\"><span class=\"wp-block-accordion-heading__toggle-title\">\u00bfEs posible utilizar una licencia Pro en m\u00faltiples equipos de forma simult\u00e1nea?<\/span><span class=\"wp-block-accordion-heading__toggle-icon\" aria-hidden=\"true\">+<\/span><\/button><\/h3>\n\n\n\n<div inert aria-labelledby=\"accordion-item-2\" data-wp-bind--inert=\"!state.isOpen\" id=\"accordion-item-2-panel\" role=\"region\" class=\"wp-block-accordion-panel is-layout-flow wp-block-accordion-panel-is-layout-flow\">\n<p>Las licencias de Air Live Drive Pro se adquieren por dispositivo. Cada c\u00f3digo de activaci\u00f3n est\u00e1 vinculado a un \u00fanico ordenador.<\/p>\n<\/div>\n<\/div>\n<\/div>\n\n\n\n<div style=\"height:10px\" aria-hidden=\"true\" class=\"wp-block-spacer\"><\/div>\n\n\n\n<div data-wp-context=\"{ &quot;autoclose&quot;: false, &quot;accordionItems&quot;: [] }\" data-wp-interactive=\"core\/accordion\" role=\"group\" class=\"wp-block-accordion is-layout-flow wp-block-accordion-is-layout-flow\">\n<div data-wp-class--is-open=\"state.isOpen\" data-wp-context=\"{ &quot;id&quot;: &quot;accordion-item-3&quot;, &quot;openByDefault&quot;: false }\" data-wp-init=\"callbacks.initAccordionItems\" data-wp-on-window--hashchange=\"callbacks.hashChange\" class=\"wp-block-accordion-item is-layout-flow wp-block-accordion-item-is-layout-flow\">\n<h3 class=\"wp-block-accordion-heading\" style=\"font-size:18px\"><button aria-expanded=\"false\" aria-controls=\"accordion-item-3-panel\" data-wp-bind--aria-expanded=\"state.isOpen\" data-wp-on--click=\"actions.toggle\" data-wp-on--keydown=\"actions.handleKeyDown\" id=\"accordion-item-3\" type=\"button\" class=\"wp-block-accordion-heading__toggle\"><span class=\"wp-block-accordion-heading__toggle-title\">\u00bfC\u00f3mo se gestiona la licencia al formatear el sistema o sustituir el ordenador?<\/span><span class=\"wp-block-accordion-heading__toggle-icon\" aria-hidden=\"true\">+<\/span><\/button><\/h3>\n\n\n\n<div inert aria-labelledby=\"accordion-item-3\" data-wp-bind--inert=\"!state.isOpen\" id=\"accordion-item-3-panel\" role=\"region\" class=\"wp-block-accordion-panel is-layout-flow wp-block-accordion-panel-is-layout-flow\">\n<p>La licencia Pro puede transferirse a un nuevo equipo tras ser liberada del dispositivo anterior. Es posible gestionar esta transferencia a trav\u00e9s del panel de configuraci\u00f3n o contactando con el soporte t\u00e9cnico en contact@airlivedrive.com para restablecer la activaci\u00f3n.<\/p>\n<\/div>\n<\/div>\n<\/div>\n","protected":false},"excerpt":{"rendered":"<p>Consigue todas las funciones de Air Live Drive con la versi\u00f3n Pro durante un a\u00f1o o para siempre (1 licencia por dispositivo). By clicking [comprar], you will continue to the PayPro checkout page where payment will be taken, and your order fulfilled by PayPro, our trusted reseller, and Merchant of Record. Reembolso garantizado durante 15 &#8230; <a href=\"https:\/\/www.airlivedrive.com\/es\/pro-version\/\" class=\"more-link text-uppercase small\"><strong>Seguir leyendo<\/strong> <i class=\"fa fa-angle-double-right\" aria-hidden=\"true\"><\/i><\/a><\/p>\n","protected":false},"author":1,"featured_media":0,"parent":0,"menu_order":0,"comment_status":"closed","ping_status":"closed","template":"template_fullwidth.php","meta":{"footnotes":""},"class_list":["post-299","page","type-page","status-publish","hentry"],"yoast_head":"<!-- This site is optimized with the Yoast SEO plugin v27.4 - https:\/\/yoast.com\/product\/yoast-seo-wordpress\/ -->\n<title>Versi\u00f3n Pro Air Live Drive<\/title>\n<meta name=\"description\" content=\"Compra Air Live Drive Pro y desbloquea todas las funciones para montar tus cuentas en la nube como discos de tu ordenador.\" \/>\n<meta name=\"robots\" content=\"index, follow, max-snippet:-1, max-image-preview:large, max-video-preview:-1\" \/>\n<link rel=\"canonical\" href=\"https:\/\/www.airlivedrive.com\/es\/pro-version\/\" \/>\n<meta property=\"og:locale\" content=\"es_ES\" \/>\n<meta property=\"og:type\" content=\"article\" \/>\n<meta property=\"og:title\" content=\"Versi\u00f3n Pro Air Live Drive\" \/>\n<meta property=\"og:description\" content=\"Compra Air Live Drive Pro y desbloquea todas las funciones para montar tus cuentas en la nube como discos de tu ordenador.\" \/>\n<meta property=\"og:url\" content=\"https:\/\/www.airlivedrive.com\/es\/pro-version\/\" \/>\n<meta property=\"og:site_name\" content=\"Air Live Drive\" \/>\n<meta property=\"article:modified_time\" content=\"2026-02-05T11:27:51+00:00\" \/>\n<meta name=\"twitter:card\" content=\"summary_large_image\" \/>\n<meta name=\"twitter:label1\" content=\"Tiempo de lectura\" \/>\n\t<meta name=\"twitter:data1\" content=\"2 minutos\" \/>\n<script type=\"application\/ld+json\" class=\"yoast-schema-graph\">{\"@context\":\"https:\\\/\\\/schema.org\",\"@graph\":[{\"@type\":\"WebPage\",\"@id\":\"https:\\\/\\\/www.airlivedrive.com\\\/es\\\/pro-version\\\/\",\"url\":\"https:\\\/\\\/www.airlivedrive.com\\\/es\\\/pro-version\\\/\",\"name\":\"Versi\u00f3n Pro Air Live Drive\",\"isPartOf\":{\"@id\":\"https:\\\/\\\/www.airlivedrive.com\\\/es\\\/#website\"},\"datePublished\":\"2017-12-17T00:56:31+00:00\",\"dateModified\":\"2026-02-05T11:27:51+00:00\",\"description\":\"Compra Air Live Drive Pro y desbloquea todas las funciones para montar tus cuentas en la nube como discos de tu ordenador.\",\"breadcrumb\":{\"@id\":\"https:\\\/\\\/www.airlivedrive.com\\\/es\\\/pro-version\\\/#breadcrumb\"},\"inLanguage\":\"es\",\"potentialAction\":[{\"@type\":\"ReadAction\",\"target\":[\"https:\\\/\\\/www.airlivedrive.com\\\/es\\\/pro-version\\\/\"]}]},{\"@type\":\"BreadcrumbList\",\"@id\":\"https:\\\/\\\/www.airlivedrive.com\\\/es\\\/pro-version\\\/#breadcrumb\",\"itemListElement\":[{\"@type\":\"ListItem\",\"position\":1,\"name\":\"Home\",\"item\":\"https:\\\/\\\/www.airlivedrive.com\\\/es\\\/\"},{\"@type\":\"ListItem\",\"position\":2,\"name\":\"Versi\u00f3n Pro\"}]},{\"@type\":\"WebSite\",\"@id\":\"https:\\\/\\\/www.airlivedrive.com\\\/es\\\/#website\",\"url\":\"https:\\\/\\\/www.airlivedrive.com\\\/es\\\/\",\"name\":\"Air Live Drive\",\"description\":\"cloud manager\",\"publisher\":{\"@id\":\"https:\\\/\\\/www.airlivedrive.com\\\/es\\\/#organization\"},\"potentialAction\":[{\"@type\":\"SearchAction\",\"target\":{\"@type\":\"EntryPoint\",\"urlTemplate\":\"https:\\\/\\\/www.airlivedrive.com\\\/es\\\/?s={search_term_string}\"},\"query-input\":{\"@type\":\"PropertyValueSpecification\",\"valueRequired\":true,\"valueName\":\"search_term_string\"}}],\"inLanguage\":\"es\"},{\"@type\":\"Organization\",\"@id\":\"https:\\\/\\\/www.airlivedrive.com\\\/es\\\/#organization\",\"name\":\"Air Live Drive\",\"url\":\"https:\\\/\\\/www.airlivedrive.com\\\/es\\\/\",\"logo\":{\"@type\":\"ImageObject\",\"inLanguage\":\"es\",\"@id\":\"https:\\\/\\\/www.airlivedrive.com\\\/es\\\/#\\\/schema\\\/logo\\\/image\\\/\",\"url\":\"https:\\\/\\\/www.airlivedrive.com\\\/es\\\/wp-content\\\/uploads\\\/sites\\\/8\\\/2019\\\/02\\\/airlivedrive_120x120.png\",\"contentUrl\":\"https:\\\/\\\/www.airlivedrive.com\\\/es\\\/wp-content\\\/uploads\\\/sites\\\/8\\\/2019\\\/02\\\/airlivedrive_120x120.png\",\"width\":120,\"height\":120,\"caption\":\"Air Live Drive\"},\"image\":{\"@id\":\"https:\\\/\\\/www.airlivedrive.com\\\/es\\\/#\\\/schema\\\/logo\\\/image\\\/\"}}]}<\/script>\n<!-- \/ Yoast SEO plugin. -->","yoast_head_json":{"title":"Versi\u00f3n Pro Air Live Drive","description":"Compra Air Live Drive Pro y desbloquea todas las funciones para montar tus cuentas en la nube como discos de tu ordenador.","robots":{"index":"index","follow":"follow","max-snippet":"max-snippet:-1","max-image-preview":"max-image-preview:large","max-video-preview":"max-video-preview:-1"},"canonical":"https:\/\/www.airlivedrive.com\/es\/pro-version\/","og_locale":"es_ES","og_type":"article","og_title":"Versi\u00f3n Pro Air Live Drive","og_description":"Compra Air Live Drive Pro y desbloquea todas las funciones para montar tus cuentas en la nube como discos de tu ordenador.","og_url":"https:\/\/www.airlivedrive.com\/es\/pro-version\/","og_site_name":"Air Live Drive","article_modified_time":"2026-02-05T11:27:51+00:00","twitter_card":"summary_large_image","twitter_misc":{"Tiempo de lectura":"2 minutos"},"schema":{"@context":"https:\/\/schema.org","@graph":[{"@type":"WebPage","@id":"https:\/\/www.airlivedrive.com\/es\/pro-version\/","url":"https:\/\/www.airlivedrive.com\/es\/pro-version\/","name":"Versi\u00f3n Pro Air Live Drive","isPartOf":{"@id":"https:\/\/www.airlivedrive.com\/es\/#website"},"datePublished":"2017-12-17T00:56:31+00:00","dateModified":"2026-02-05T11:27:51+00:00","description":"Compra Air Live Drive Pro y desbloquea todas las funciones para montar tus cuentas en la nube como discos de tu ordenador.","breadcrumb":{"@id":"https:\/\/www.airlivedrive.com\/es\/pro-version\/#breadcrumb"},"inLanguage":"es","potentialAction":[{"@type":"ReadAction","target":["https:\/\/www.airlivedrive.com\/es\/pro-version\/"]}]},{"@type":"BreadcrumbList","@id":"https:\/\/www.airlivedrive.com\/es\/pro-version\/#breadcrumb","itemListElement":[{"@type":"ListItem","position":1,"name":"Home","item":"https:\/\/www.airlivedrive.com\/es\/"},{"@type":"ListItem","position":2,"name":"Versi\u00f3n Pro"}]},{"@type":"WebSite","@id":"https:\/\/www.airlivedrive.com\/es\/#website","url":"https:\/\/www.airlivedrive.com\/es\/","name":"Air Live Drive","description":"cloud manager","publisher":{"@id":"https:\/\/www.airlivedrive.com\/es\/#organization"},"potentialAction":[{"@type":"SearchAction","target":{"@type":"EntryPoint","urlTemplate":"https:\/\/www.airlivedrive.com\/es\/?s={search_term_string}"},"query-input":{"@type":"PropertyValueSpecification","valueRequired":true,"valueName":"search_term_string"}}],"inLanguage":"es"},{"@type":"Organization","@id":"https:\/\/www.airlivedrive.com\/es\/#organization","name":"Air Live Drive","url":"https:\/\/www.airlivedrive.com\/es\/","logo":{"@type":"ImageObject","inLanguage":"es","@id":"https:\/\/www.airlivedrive.com\/es\/#\/schema\/logo\/image\/","url":"https:\/\/www.airlivedrive.com\/es\/wp-content\/uploads\/sites\/8\/2019\/02\/airlivedrive_120x120.png","contentUrl":"https:\/\/www.airlivedrive.com\/es\/wp-content\/uploads\/sites\/8\/2019\/02\/airlivedrive_120x120.png","width":120,"height":120,"caption":"Air Live Drive"},"image":{"@id":"https:\/\/www.airlivedrive.com\/es\/#\/schema\/logo\/image\/"}}]}},"_links":{"self":[{"href":"https:\/\/www.airlivedrive.com\/es\/wp-json\/wp\/v2\/pages\/299","targetHints":{"allow":["GET"]}}],"collection":[{"href":"https:\/\/www.airlivedrive.com\/es\/wp-json\/wp\/v2\/pages"}],"about":[{"href":"https:\/\/www.airlivedrive.com\/es\/wp-json\/wp\/v2\/types\/page"}],"author":[{"embeddable":true,"href":"https:\/\/www.airlivedrive.com\/es\/wp-json\/wp\/v2\/users\/1"}],"replies":[{"embeddable":true,"href":"https:\/\/www.airlivedrive.com\/es\/wp-json\/wp\/v2\/comments?post=299"}],"version-history":[{"count":52,"href":"https:\/\/www.airlivedrive.com\/es\/wp-json\/wp\/v2\/pages\/299\/revisions"}],"predecessor-version":[{"id":3010,"href":"https:\/\/www.airlivedrive.com\/es\/wp-json\/wp\/v2\/pages\/299\/revisions\/3010"}],"wp:attachment":[{"href":"https:\/\/www.airlivedrive.com\/es\/wp-json\/wp\/v2\/media?parent=299"}],"curies":[{"name":"wp","href":"https:\/\/api.w.org\/{rel}","templated":true}]}}