{"id":629,"date":"2018-06-27T12:34:03","date_gmt":"2018-06-27T12:34:03","guid":{"rendered":"https:\/\/www.airlivedrive.com\/es\/?page_id=629"},"modified":"2024-09-18T15:23:53","modified_gmt":"2024-09-18T15:23:53","slug":"como-adjudicar-una-cuenta-a-un-disco-duro","status":"publish","type":"page","link":"https:\/\/www.airlivedrive.com\/es\/como-adjudicar-una-cuenta-a-un-disco-duro\/","title":{"rendered":"\u00bfC\u00f3mo adjudicar una cuenta a un disco duro?"},"content":{"rendered":"<p>El primer paso para asignar una cuenta de una nube a una unidad de disco es agregar la cuenta a Air Live Drive.<\/p>\n<p><img fetchpriority=\"high\" decoding=\"async\" class=\"alignnone wp-image-640 size-full img-responsive\" src=\"https:\/\/www.airlivedrive.com\/es\/wp-content\/uploads\/sites\/8\/2018\/06\/help-add_01_esp.png\" alt=\"\" width=\"630\" height=\"353\" srcset=\"https:\/\/www.airlivedrive.com\/es\/wp-content\/uploads\/sites\/8\/2018\/06\/help-add_01_esp.png 630w, https:\/\/www.airlivedrive.com\/es\/wp-content\/uploads\/sites\/8\/2018\/06\/help-add_01_esp-300x168.png 300w\" sizes=\"(max-width: 630px) 100vw, 630px\" \/><\/p>\n<p>Selecciona el icono de la nube que deseas agregar.<\/p>\n<p><img decoding=\"async\" class=\"alignnone wp-image-641 size-full img-responsive\" src=\"https:\/\/www.airlivedrive.com\/es\/wp-content\/uploads\/sites\/8\/2018\/06\/help-add_02.png\" alt=\"\" width=\"681\" height=\"453\" srcset=\"https:\/\/www.airlivedrive.com\/es\/wp-content\/uploads\/sites\/8\/2018\/06\/help-add_02.png 681w, https:\/\/www.airlivedrive.com\/es\/wp-content\/uploads\/sites\/8\/2018\/06\/help-add_02-300x200.png 300w\" sizes=\"(max-width: 681px) 100vw, 681px\" \/><\/p>\n<p>Ingresa tu usuario y contrase\u00f1a en la ventana de inicio de sesi\u00f3n en la nube.<\/p>\n<p><img decoding=\"async\" class=\"alignnone wp-image-642 size-full img-responsive\" src=\"https:\/\/www.airlivedrive.com\/es\/wp-content\/uploads\/sites\/8\/2018\/06\/help-add_03_esp.png\" alt=\"\" width=\"632\" height=\"354\" srcset=\"https:\/\/www.airlivedrive.com\/es\/wp-content\/uploads\/sites\/8\/2018\/06\/help-add_03_esp.png 632w, https:\/\/www.airlivedrive.com\/es\/wp-content\/uploads\/sites\/8\/2018\/06\/help-add_03_esp-300x168.png 300w\" sizes=\"(max-width: 632px) 100vw, 632px\" \/><\/p>\n<p>Ahora ya puedes trabajar con la nube con tu Windows Explorer.<\/p>\n<p><img loading=\"lazy\" decoding=\"async\" class=\"alignnone wp-image-643 size-full img-responsive\" src=\"https:\/\/www.airlivedrive.com\/es\/wp-content\/uploads\/sites\/8\/2018\/06\/help-add_04_esp.png\" alt=\"\" width=\"630\" height=\"353\" srcset=\"https:\/\/www.airlivedrive.com\/es\/wp-content\/uploads\/sites\/8\/2018\/06\/help-add_04_esp.png 630w, https:\/\/www.airlivedrive.com\/es\/wp-content\/uploads\/sites\/8\/2018\/06\/help-add_04_esp-300x168.png 300w\" sizes=\"(max-width: 630px) 100vw, 630px\" \/><\/p>\n\n\n<hr class=\"wp-block-separator has-css-opacity\"\/>\n\n\n\n<p><strong>Tambi\u00e9n puedes consultar m\u00e1s informaci\u00f3n aqu\u00ed:<\/strong><br><a href=\"https:\/\/www.airlivedrive.com\/es\/2019\/02\/18\/como-conectar-tus-nubes-como-discos-en-tu-ordenador\/\">-C\u00f3mo conectar tus nubes como discos en tu ordenador<\/a><br><a href=\"https:\/\/www.airlivedrive.com\/es\/2020\/07\/02\/como-editar-archivos-de-photoshop-en-google-drive\/\">-C\u00f3mo editar archivos de Photoshop en Google Drive<\/a><br><\/p>\n","protected":false},"excerpt":{"rendered":"<p>El primer paso para asignar una cuenta de una nube a una unidad de disco es agregar la cuenta a Air Live Drive. Selecciona el icono de la nube que deseas agregar. Ingresa tu usuario y contrase\u00f1a en la ventana de inicio de sesi\u00f3n en la nube. Ahora ya puedes trabajar con la nube con &#8230; <a href=\"https:\/\/www.airlivedrive.com\/es\/como-adjudicar-una-cuenta-a-un-disco-duro\/\" class=\"more-link text-uppercase small\"><strong>Seguir leyendo<\/strong> <i class=\"fa fa-angle-double-right\" aria-hidden=\"true\"><\/i><\/a><\/p>\n","protected":false},"author":1,"featured_media":0,"parent":0,"menu_order":0,"comment_status":"closed","ping_status":"closed","template":"","meta":{"footnotes":""},"class_list":["post-629","page","type-page","status-publish","hentry"],"yoast_head":"<!-- This site is optimized with the Yoast SEO plugin v27.4 - https:\/\/yoast.com\/product\/yoast-seo-wordpress\/ -->\n<title>\u00bfC\u00f3mo adjudicar una cuenta a un disco duro en Air Live Drive?<\/title>\n<meta name=\"description\" content=\"\u00bfC\u00f3mo adjudicar una cuenta a un disco duro en Air Live Drive? Tienes que agregar la nube, ingresar usuario y contrase\u00f1a y elegir la letra.\" \/>\n<meta name=\"robots\" content=\"index, follow, max-snippet:-1, max-image-preview:large, max-video-preview:-1\" \/>\n<link rel=\"canonical\" href=\"https:\/\/www.airlivedrive.com\/es\/como-adjudicar-una-cuenta-a-un-disco-duro\/\" \/>\n<meta property=\"og:locale\" content=\"es_ES\" \/>\n<meta property=\"og:type\" content=\"article\" \/>\n<meta property=\"og:title\" content=\"\u00bfC\u00f3mo adjudicar una cuenta a un disco duro en Air Live Drive?\" \/>\n<meta property=\"og:description\" content=\"\u00bfC\u00f3mo adjudicar una cuenta a un disco duro en Air Live Drive? Tienes que agregar la nube, ingresar usuario y contrase\u00f1a y elegir la letra.\" \/>\n<meta property=\"og:url\" content=\"https:\/\/www.airlivedrive.com\/es\/como-adjudicar-una-cuenta-a-un-disco-duro\/\" \/>\n<meta property=\"og:site_name\" content=\"Air Live Drive\" \/>\n<meta property=\"article:modified_time\" content=\"2024-09-18T15:23:53+00:00\" \/>\n<meta property=\"og:image\" content=\"https:\/\/www.airlivedrive.com\/es\/wp-content\/uploads\/sites\/8\/2018\/06\/help-add_01_esp.png\" \/>\n<meta name=\"twitter:card\" content=\"summary_large_image\" \/>\n<meta name=\"twitter:label1\" content=\"Tiempo de lectura\" \/>\n\t<meta name=\"twitter:data1\" content=\"2 minutos\" \/>\n<script type=\"application\/ld+json\" class=\"yoast-schema-graph\">{\"@context\":\"https:\\\/\\\/schema.org\",\"@graph\":[{\"@type\":\"WebPage\",\"@id\":\"https:\\\/\\\/www.airlivedrive.com\\\/es\\\/como-adjudicar-una-cuenta-a-un-disco-duro\\\/\",\"url\":\"https:\\\/\\\/www.airlivedrive.com\\\/es\\\/como-adjudicar-una-cuenta-a-un-disco-duro\\\/\",\"name\":\"\u00bfC\u00f3mo adjudicar una cuenta a un disco duro en Air Live Drive?\",\"isPartOf\":{\"@id\":\"https:\\\/\\\/www.airlivedrive.com\\\/es\\\/#website\"},\"primaryImageOfPage\":{\"@id\":\"https:\\\/\\\/www.airlivedrive.com\\\/es\\\/como-adjudicar-una-cuenta-a-un-disco-duro\\\/#primaryimage\"},\"image\":{\"@id\":\"https:\\\/\\\/www.airlivedrive.com\\\/es\\\/como-adjudicar-una-cuenta-a-un-disco-duro\\\/#primaryimage\"},\"thumbnailUrl\":\"https:\\\/\\\/www.airlivedrive.com\\\/es\\\/wp-content\\\/uploads\\\/sites\\\/8\\\/2018\\\/06\\\/help-add_01_esp.png\",\"datePublished\":\"2018-06-27T12:34:03+00:00\",\"dateModified\":\"2024-09-18T15:23:53+00:00\",\"description\":\"\u00bfC\u00f3mo adjudicar una cuenta a un disco duro en Air Live Drive? Tienes que agregar la nube, ingresar usuario y contrase\u00f1a y elegir la letra.\",\"breadcrumb\":{\"@id\":\"https:\\\/\\\/www.airlivedrive.com\\\/es\\\/como-adjudicar-una-cuenta-a-un-disco-duro\\\/#breadcrumb\"},\"inLanguage\":\"es\",\"potentialAction\":[{\"@type\":\"ReadAction\",\"target\":[\"https:\\\/\\\/www.airlivedrive.com\\\/es\\\/como-adjudicar-una-cuenta-a-un-disco-duro\\\/\"]}]},{\"@type\":\"ImageObject\",\"inLanguage\":\"es\",\"@id\":\"https:\\\/\\\/www.airlivedrive.com\\\/es\\\/como-adjudicar-una-cuenta-a-un-disco-duro\\\/#primaryimage\",\"url\":\"https:\\\/\\\/www.airlivedrive.com\\\/es\\\/wp-content\\\/uploads\\\/sites\\\/8\\\/2018\\\/06\\\/help-add_01_esp.png\",\"contentUrl\":\"https:\\\/\\\/www.airlivedrive.com\\\/es\\\/wp-content\\\/uploads\\\/sites\\\/8\\\/2018\\\/06\\\/help-add_01_esp.png\",\"width\":630,\"height\":353},{\"@type\":\"BreadcrumbList\",\"@id\":\"https:\\\/\\\/www.airlivedrive.com\\\/es\\\/como-adjudicar-una-cuenta-a-un-disco-duro\\\/#breadcrumb\",\"itemListElement\":[{\"@type\":\"ListItem\",\"position\":1,\"name\":\"Home\",\"item\":\"https:\\\/\\\/www.airlivedrive.com\\\/es\\\/\"},{\"@type\":\"ListItem\",\"position\":2,\"name\":\"\u00bfC\u00f3mo adjudicar una cuenta a un disco duro?\"}]},{\"@type\":\"WebSite\",\"@id\":\"https:\\\/\\\/www.airlivedrive.com\\\/es\\\/#website\",\"url\":\"https:\\\/\\\/www.airlivedrive.com\\\/es\\\/\",\"name\":\"Air Live Drive\",\"description\":\"cloud manager\",\"publisher\":{\"@id\":\"https:\\\/\\\/www.airlivedrive.com\\\/es\\\/#organization\"},\"potentialAction\":[{\"@type\":\"SearchAction\",\"target\":{\"@type\":\"EntryPoint\",\"urlTemplate\":\"https:\\\/\\\/www.airlivedrive.com\\\/es\\\/?s={search_term_string}\"},\"query-input\":{\"@type\":\"PropertyValueSpecification\",\"valueRequired\":true,\"valueName\":\"search_term_string\"}}],\"inLanguage\":\"es\"},{\"@type\":\"Organization\",\"@id\":\"https:\\\/\\\/www.airlivedrive.com\\\/es\\\/#organization\",\"name\":\"Air Live Drive\",\"url\":\"https:\\\/\\\/www.airlivedrive.com\\\/es\\\/\",\"logo\":{\"@type\":\"ImageObject\",\"inLanguage\":\"es\",\"@id\":\"https:\\\/\\\/www.airlivedrive.com\\\/es\\\/#\\\/schema\\\/logo\\\/image\\\/\",\"url\":\"https:\\\/\\\/www.airlivedrive.com\\\/es\\\/wp-content\\\/uploads\\\/sites\\\/8\\\/2019\\\/02\\\/airlivedrive_120x120.png\",\"contentUrl\":\"https:\\\/\\\/www.airlivedrive.com\\\/es\\\/wp-content\\\/uploads\\\/sites\\\/8\\\/2019\\\/02\\\/airlivedrive_120x120.png\",\"width\":120,\"height\":120,\"caption\":\"Air Live Drive\"},\"image\":{\"@id\":\"https:\\\/\\\/www.airlivedrive.com\\\/es\\\/#\\\/schema\\\/logo\\\/image\\\/\"}}]}<\/script>\n<!-- \/ Yoast SEO plugin. -->","yoast_head_json":{"title":"\u00bfC\u00f3mo adjudicar una cuenta a un disco duro en Air Live Drive?","description":"\u00bfC\u00f3mo adjudicar una cuenta a un disco duro en Air Live Drive? Tienes que agregar la nube, ingresar usuario y contrase\u00f1a y elegir la letra.","robots":{"index":"index","follow":"follow","max-snippet":"max-snippet:-1","max-image-preview":"max-image-preview:large","max-video-preview":"max-video-preview:-1"},"canonical":"https:\/\/www.airlivedrive.com\/es\/como-adjudicar-una-cuenta-a-un-disco-duro\/","og_locale":"es_ES","og_type":"article","og_title":"\u00bfC\u00f3mo adjudicar una cuenta a un disco duro en Air Live Drive?","og_description":"\u00bfC\u00f3mo adjudicar una cuenta a un disco duro en Air Live Drive? Tienes que agregar la nube, ingresar usuario y contrase\u00f1a y elegir la letra.","og_url":"https:\/\/www.airlivedrive.com\/es\/como-adjudicar-una-cuenta-a-un-disco-duro\/","og_site_name":"Air Live Drive","article_modified_time":"2024-09-18T15:23:53+00:00","og_image":[{"url":"https:\/\/www.airlivedrive.com\/es\/wp-content\/uploads\/sites\/8\/2018\/06\/help-add_01_esp.png","type":"","width":"","height":""}],"twitter_card":"summary_large_image","twitter_misc":{"Tiempo de lectura":"2 minutos"},"schema":{"@context":"https:\/\/schema.org","@graph":[{"@type":"WebPage","@id":"https:\/\/www.airlivedrive.com\/es\/como-adjudicar-una-cuenta-a-un-disco-duro\/","url":"https:\/\/www.airlivedrive.com\/es\/como-adjudicar-una-cuenta-a-un-disco-duro\/","name":"\u00bfC\u00f3mo adjudicar una cuenta a un disco duro en Air Live Drive?","isPartOf":{"@id":"https:\/\/www.airlivedrive.com\/es\/#website"},"primaryImageOfPage":{"@id":"https:\/\/www.airlivedrive.com\/es\/como-adjudicar-una-cuenta-a-un-disco-duro\/#primaryimage"},"image":{"@id":"https:\/\/www.airlivedrive.com\/es\/como-adjudicar-una-cuenta-a-un-disco-duro\/#primaryimage"},"thumbnailUrl":"https:\/\/www.airlivedrive.com\/es\/wp-content\/uploads\/sites\/8\/2018\/06\/help-add_01_esp.png","datePublished":"2018-06-27T12:34:03+00:00","dateModified":"2024-09-18T15:23:53+00:00","description":"\u00bfC\u00f3mo adjudicar una cuenta a un disco duro en Air Live Drive? Tienes que agregar la nube, ingresar usuario y contrase\u00f1a y elegir la letra.","breadcrumb":{"@id":"https:\/\/www.airlivedrive.com\/es\/como-adjudicar-una-cuenta-a-un-disco-duro\/#breadcrumb"},"inLanguage":"es","potentialAction":[{"@type":"ReadAction","target":["https:\/\/www.airlivedrive.com\/es\/como-adjudicar-una-cuenta-a-un-disco-duro\/"]}]},{"@type":"ImageObject","inLanguage":"es","@id":"https:\/\/www.airlivedrive.com\/es\/como-adjudicar-una-cuenta-a-un-disco-duro\/#primaryimage","url":"https:\/\/www.airlivedrive.com\/es\/wp-content\/uploads\/sites\/8\/2018\/06\/help-add_01_esp.png","contentUrl":"https:\/\/www.airlivedrive.com\/es\/wp-content\/uploads\/sites\/8\/2018\/06\/help-add_01_esp.png","width":630,"height":353},{"@type":"BreadcrumbList","@id":"https:\/\/www.airlivedrive.com\/es\/como-adjudicar-una-cuenta-a-un-disco-duro\/#breadcrumb","itemListElement":[{"@type":"ListItem","position":1,"name":"Home","item":"https:\/\/www.airlivedrive.com\/es\/"},{"@type":"ListItem","position":2,"name":"\u00bfC\u00f3mo adjudicar una cuenta a un disco duro?"}]},{"@type":"WebSite","@id":"https:\/\/www.airlivedrive.com\/es\/#website","url":"https:\/\/www.airlivedrive.com\/es\/","name":"Air Live Drive","description":"cloud manager","publisher":{"@id":"https:\/\/www.airlivedrive.com\/es\/#organization"},"potentialAction":[{"@type":"SearchAction","target":{"@type":"EntryPoint","urlTemplate":"https:\/\/www.airlivedrive.com\/es\/?s={search_term_string}"},"query-input":{"@type":"PropertyValueSpecification","valueRequired":true,"valueName":"search_term_string"}}],"inLanguage":"es"},{"@type":"Organization","@id":"https:\/\/www.airlivedrive.com\/es\/#organization","name":"Air Live Drive","url":"https:\/\/www.airlivedrive.com\/es\/","logo":{"@type":"ImageObject","inLanguage":"es","@id":"https:\/\/www.airlivedrive.com\/es\/#\/schema\/logo\/image\/","url":"https:\/\/www.airlivedrive.com\/es\/wp-content\/uploads\/sites\/8\/2019\/02\/airlivedrive_120x120.png","contentUrl":"https:\/\/www.airlivedrive.com\/es\/wp-content\/uploads\/sites\/8\/2019\/02\/airlivedrive_120x120.png","width":120,"height":120,"caption":"Air Live Drive"},"image":{"@id":"https:\/\/www.airlivedrive.com\/es\/#\/schema\/logo\/image\/"}}]}},"_links":{"self":[{"href":"https:\/\/www.airlivedrive.com\/es\/wp-json\/wp\/v2\/pages\/629","targetHints":{"allow":["GET"]}}],"collection":[{"href":"https:\/\/www.airlivedrive.com\/es\/wp-json\/wp\/v2\/pages"}],"about":[{"href":"https:\/\/www.airlivedrive.com\/es\/wp-json\/wp\/v2\/types\/page"}],"author":[{"embeddable":true,"href":"https:\/\/www.airlivedrive.com\/es\/wp-json\/wp\/v2\/users\/1"}],"replies":[{"embeddable":true,"href":"https:\/\/www.airlivedrive.com\/es\/wp-json\/wp\/v2\/comments?post=629"}],"version-history":[{"count":8,"href":"https:\/\/www.airlivedrive.com\/es\/wp-json\/wp\/v2\/pages\/629\/revisions"}],"predecessor-version":[{"id":2533,"href":"https:\/\/www.airlivedrive.com\/es\/wp-json\/wp\/v2\/pages\/629\/revisions\/2533"}],"wp:attachment":[{"href":"https:\/\/www.airlivedrive.com\/es\/wp-json\/wp\/v2\/media?parent=629"}],"curies":[{"name":"wp","href":"https:\/\/api.w.org\/{rel}","templated":true}]}}