{"id":631,"date":"2018-06-27T12:35:09","date_gmt":"2018-06-27T12:35:09","guid":{"rendered":"https:\/\/www.airlivedrive.com\/es\/?page_id=631"},"modified":"2024-09-19T09:43:12","modified_gmt":"2024-09-19T09:43:12","slug":"como-conectar-y-desconectar-las-nubes-a-los-discos","status":"publish","type":"page","link":"https:\/\/www.airlivedrive.com\/es\/como-conectar-y-desconectar-las-nubes-a-los-discos\/","title":{"rendered":"\u00bfC\u00f3mo conectar y desconectar las nubes a los discos?"},"content":{"rendered":"<p>Si no quieres tener la cuenta adjudicada a un disco solo tienes que desconectarlo. Cuando quieras volver a verla como un disco solo tienes que conectarla de nuevo.<\/p>\n<p><img fetchpriority=\"high\" decoding=\"async\" class=\"alignnone wp-image-643 size-full img-responsive\" src=\"https:\/\/www.airlivedrive.com\/es\/wp-content\/uploads\/sites\/8\/2018\/06\/help-add_04_esp.png\" alt=\"\" width=\"630\" height=\"353\" srcset=\"https:\/\/www.airlivedrive.com\/es\/wp-content\/uploads\/sites\/8\/2018\/06\/help-add_04_esp.png 630w, https:\/\/www.airlivedrive.com\/es\/wp-content\/uploads\/sites\/8\/2018\/06\/help-add_04_esp-300x168.png 300w\" sizes=\"(max-width: 630px) 100vw, 630px\" \/><\/p>\n\n\n<hr class=\"wp-block-separator has-css-opacity\"\/>\n\n\n\n<p><strong>Tambi\u00e9n puedes consultar m\u00e1s informaci\u00f3n aqu\u00ed:<\/strong><br><a href=\"https:\/\/www.airlivedrive.com\/es\/2020\/03\/02\/monta-sharepoint-online-como-un-disco-duro-de-tu-ordenador\/\">-Monta Sharepoint Online como un disco duro de tu ordenador<\/a><br><a href=\"https:\/\/www.airlivedrive.com\/es\/2020\/05\/06\/como-transferir-archivos-y-carpetas-de-google-drive-a-dropbox\/\">-C\u00f3mo transferir archivos y carpetas de Google Drive a Dropbox<\/a><br><a href=\"https:\/\/www.airlivedrive.com\/es\/2019\/11\/04\/como-conectar-un-servidor-webdav-como-un-disco-de-windows\/\">-C\u00f3mo conectar un servidor Webdav como un disco de Windows<\/a><\/p>\n\n\n\n<p><\/p>\n","protected":false},"excerpt":{"rendered":"<p>Si no quieres tener la cuenta adjudicada a un disco solo tienes que desconectarlo. Cuando quieras volver a verla como un disco solo tienes que conectarla de nuevo. Tambi\u00e9n puedes consultar m\u00e1s informaci\u00f3n aqu\u00ed:-Monta Sharepoint Online como un disco duro de tu ordenador-C\u00f3mo transferir archivos y carpetas de Google Drive a Dropbox-C\u00f3mo conectar un servidor &#8230; <a href=\"https:\/\/www.airlivedrive.com\/es\/como-conectar-y-desconectar-las-nubes-a-los-discos\/\" class=\"more-link text-uppercase small\"><strong>Seguir leyendo<\/strong> <i class=\"fa fa-angle-double-right\" aria-hidden=\"true\"><\/i><\/a><\/p>\n","protected":false},"author":1,"featured_media":0,"parent":0,"menu_order":0,"comment_status":"closed","ping_status":"closed","template":"","meta":{"footnotes":""},"class_list":["post-631","page","type-page","status-publish","hentry"],"yoast_head":"<!-- This site is optimized with the Yoast SEO plugin v27.3 - https:\/\/yoast.com\/product\/yoast-seo-wordpress\/ -->\n<title>C\u00f3mo conectar y desconectar las nubes a los discos<\/title>\n<meta name=\"description\" content=\"\u00bfC\u00f3mo conectar y desconectar las nubes a los discos en Air Live Drive? Si no quieres tener la cuenta adjudicada solo tienes que desconectarlo\" \/>\n<meta name=\"robots\" content=\"index, follow, max-snippet:-1, max-image-preview:large, max-video-preview:-1\" \/>\n<link rel=\"canonical\" href=\"https:\/\/www.airlivedrive.com\/es\/como-conectar-y-desconectar-las-nubes-a-los-discos\/\" \/>\n<meta property=\"og:locale\" content=\"es_ES\" \/>\n<meta property=\"og:type\" content=\"article\" \/>\n<meta property=\"og:title\" content=\"C\u00f3mo conectar y desconectar las nubes a los discos\" \/>\n<meta property=\"og:description\" content=\"\u00bfC\u00f3mo conectar y desconectar las nubes a los discos en Air Live Drive? Si no quieres tener la cuenta adjudicada solo tienes que desconectarlo\" \/>\n<meta property=\"og:url\" content=\"https:\/\/www.airlivedrive.com\/es\/como-conectar-y-desconectar-las-nubes-a-los-discos\/\" \/>\n<meta property=\"og:site_name\" content=\"Air Live Drive\" \/>\n<meta property=\"article:modified_time\" content=\"2024-09-19T09:43:12+00:00\" \/>\n<meta property=\"og:image\" content=\"https:\/\/www.airlivedrive.com\/es\/wp-content\/uploads\/sites\/8\/2018\/06\/help-add_04_esp.png\" \/>\n<meta name=\"twitter:card\" content=\"summary_large_image\" \/>\n<meta name=\"twitter:label1\" content=\"Tiempo de lectura\" \/>\n\t<meta name=\"twitter:data1\" content=\"1 minuto\" \/>\n<script type=\"application\/ld+json\" class=\"yoast-schema-graph\">{\"@context\":\"https:\\\/\\\/schema.org\",\"@graph\":[{\"@type\":\"WebPage\",\"@id\":\"https:\\\/\\\/www.airlivedrive.com\\\/es\\\/como-conectar-y-desconectar-las-nubes-a-los-discos\\\/\",\"url\":\"https:\\\/\\\/www.airlivedrive.com\\\/es\\\/como-conectar-y-desconectar-las-nubes-a-los-discos\\\/\",\"name\":\"C\u00f3mo conectar y desconectar las nubes a los discos\",\"isPartOf\":{\"@id\":\"https:\\\/\\\/www.airlivedrive.com\\\/es\\\/#website\"},\"primaryImageOfPage\":{\"@id\":\"https:\\\/\\\/www.airlivedrive.com\\\/es\\\/como-conectar-y-desconectar-las-nubes-a-los-discos\\\/#primaryimage\"},\"image\":{\"@id\":\"https:\\\/\\\/www.airlivedrive.com\\\/es\\\/como-conectar-y-desconectar-las-nubes-a-los-discos\\\/#primaryimage\"},\"thumbnailUrl\":\"https:\\\/\\\/www.airlivedrive.com\\\/es\\\/wp-content\\\/uploads\\\/sites\\\/8\\\/2018\\\/06\\\/help-add_04_esp.png\",\"datePublished\":\"2018-06-27T12:35:09+00:00\",\"dateModified\":\"2024-09-19T09:43:12+00:00\",\"description\":\"\u00bfC\u00f3mo conectar y desconectar las nubes a los discos en Air Live Drive? Si no quieres tener la cuenta adjudicada solo tienes que desconectarlo\",\"breadcrumb\":{\"@id\":\"https:\\\/\\\/www.airlivedrive.com\\\/es\\\/como-conectar-y-desconectar-las-nubes-a-los-discos\\\/#breadcrumb\"},\"inLanguage\":\"es\",\"potentialAction\":[{\"@type\":\"ReadAction\",\"target\":[\"https:\\\/\\\/www.airlivedrive.com\\\/es\\\/como-conectar-y-desconectar-las-nubes-a-los-discos\\\/\"]}]},{\"@type\":\"ImageObject\",\"inLanguage\":\"es\",\"@id\":\"https:\\\/\\\/www.airlivedrive.com\\\/es\\\/como-conectar-y-desconectar-las-nubes-a-los-discos\\\/#primaryimage\",\"url\":\"https:\\\/\\\/www.airlivedrive.com\\\/es\\\/wp-content\\\/uploads\\\/sites\\\/8\\\/2018\\\/06\\\/help-add_04_esp.png\",\"contentUrl\":\"https:\\\/\\\/www.airlivedrive.com\\\/es\\\/wp-content\\\/uploads\\\/sites\\\/8\\\/2018\\\/06\\\/help-add_04_esp.png\",\"width\":630,\"height\":353},{\"@type\":\"BreadcrumbList\",\"@id\":\"https:\\\/\\\/www.airlivedrive.com\\\/es\\\/como-conectar-y-desconectar-las-nubes-a-los-discos\\\/#breadcrumb\",\"itemListElement\":[{\"@type\":\"ListItem\",\"position\":1,\"name\":\"Home\",\"item\":\"https:\\\/\\\/www.airlivedrive.com\\\/es\\\/\"},{\"@type\":\"ListItem\",\"position\":2,\"name\":\"\u00bfC\u00f3mo conectar y desconectar las nubes a los discos?\"}]},{\"@type\":\"WebSite\",\"@id\":\"https:\\\/\\\/www.airlivedrive.com\\\/es\\\/#website\",\"url\":\"https:\\\/\\\/www.airlivedrive.com\\\/es\\\/\",\"name\":\"Air Live Drive\",\"description\":\"cloud manager\",\"publisher\":{\"@id\":\"https:\\\/\\\/www.airlivedrive.com\\\/es\\\/#organization\"},\"potentialAction\":[{\"@type\":\"SearchAction\",\"target\":{\"@type\":\"EntryPoint\",\"urlTemplate\":\"https:\\\/\\\/www.airlivedrive.com\\\/es\\\/?s={search_term_string}\"},\"query-input\":{\"@type\":\"PropertyValueSpecification\",\"valueRequired\":true,\"valueName\":\"search_term_string\"}}],\"inLanguage\":\"es\"},{\"@type\":\"Organization\",\"@id\":\"https:\\\/\\\/www.airlivedrive.com\\\/es\\\/#organization\",\"name\":\"Air Live Drive\",\"url\":\"https:\\\/\\\/www.airlivedrive.com\\\/es\\\/\",\"logo\":{\"@type\":\"ImageObject\",\"inLanguage\":\"es\",\"@id\":\"https:\\\/\\\/www.airlivedrive.com\\\/es\\\/#\\\/schema\\\/logo\\\/image\\\/\",\"url\":\"https:\\\/\\\/www.airlivedrive.com\\\/es\\\/wp-content\\\/uploads\\\/sites\\\/8\\\/2019\\\/02\\\/airlivedrive_120x120.png\",\"contentUrl\":\"https:\\\/\\\/www.airlivedrive.com\\\/es\\\/wp-content\\\/uploads\\\/sites\\\/8\\\/2019\\\/02\\\/airlivedrive_120x120.png\",\"width\":120,\"height\":120,\"caption\":\"Air Live Drive\"},\"image\":{\"@id\":\"https:\\\/\\\/www.airlivedrive.com\\\/es\\\/#\\\/schema\\\/logo\\\/image\\\/\"}}]}<\/script>\n<!-- \/ Yoast SEO plugin. -->","yoast_head_json":{"title":"C\u00f3mo conectar y desconectar las nubes a los discos","description":"\u00bfC\u00f3mo conectar y desconectar las nubes a los discos en Air Live Drive? Si no quieres tener la cuenta adjudicada solo tienes que desconectarlo","robots":{"index":"index","follow":"follow","max-snippet":"max-snippet:-1","max-image-preview":"max-image-preview:large","max-video-preview":"max-video-preview:-1"},"canonical":"https:\/\/www.airlivedrive.com\/es\/como-conectar-y-desconectar-las-nubes-a-los-discos\/","og_locale":"es_ES","og_type":"article","og_title":"C\u00f3mo conectar y desconectar las nubes a los discos","og_description":"\u00bfC\u00f3mo conectar y desconectar las nubes a los discos en Air Live Drive? Si no quieres tener la cuenta adjudicada solo tienes que desconectarlo","og_url":"https:\/\/www.airlivedrive.com\/es\/como-conectar-y-desconectar-las-nubes-a-los-discos\/","og_site_name":"Air Live Drive","article_modified_time":"2024-09-19T09:43:12+00:00","og_image":[{"url":"https:\/\/www.airlivedrive.com\/es\/wp-content\/uploads\/sites\/8\/2018\/06\/help-add_04_esp.png","type":"","width":"","height":""}],"twitter_card":"summary_large_image","twitter_misc":{"Tiempo de lectura":"1 minuto"},"schema":{"@context":"https:\/\/schema.org","@graph":[{"@type":"WebPage","@id":"https:\/\/www.airlivedrive.com\/es\/como-conectar-y-desconectar-las-nubes-a-los-discos\/","url":"https:\/\/www.airlivedrive.com\/es\/como-conectar-y-desconectar-las-nubes-a-los-discos\/","name":"C\u00f3mo conectar y desconectar las nubes a los discos","isPartOf":{"@id":"https:\/\/www.airlivedrive.com\/es\/#website"},"primaryImageOfPage":{"@id":"https:\/\/www.airlivedrive.com\/es\/como-conectar-y-desconectar-las-nubes-a-los-discos\/#primaryimage"},"image":{"@id":"https:\/\/www.airlivedrive.com\/es\/como-conectar-y-desconectar-las-nubes-a-los-discos\/#primaryimage"},"thumbnailUrl":"https:\/\/www.airlivedrive.com\/es\/wp-content\/uploads\/sites\/8\/2018\/06\/help-add_04_esp.png","datePublished":"2018-06-27T12:35:09+00:00","dateModified":"2024-09-19T09:43:12+00:00","description":"\u00bfC\u00f3mo conectar y desconectar las nubes a los discos en Air Live Drive? Si no quieres tener la cuenta adjudicada solo tienes que desconectarlo","breadcrumb":{"@id":"https:\/\/www.airlivedrive.com\/es\/como-conectar-y-desconectar-las-nubes-a-los-discos\/#breadcrumb"},"inLanguage":"es","potentialAction":[{"@type":"ReadAction","target":["https:\/\/www.airlivedrive.com\/es\/como-conectar-y-desconectar-las-nubes-a-los-discos\/"]}]},{"@type":"ImageObject","inLanguage":"es","@id":"https:\/\/www.airlivedrive.com\/es\/como-conectar-y-desconectar-las-nubes-a-los-discos\/#primaryimage","url":"https:\/\/www.airlivedrive.com\/es\/wp-content\/uploads\/sites\/8\/2018\/06\/help-add_04_esp.png","contentUrl":"https:\/\/www.airlivedrive.com\/es\/wp-content\/uploads\/sites\/8\/2018\/06\/help-add_04_esp.png","width":630,"height":353},{"@type":"BreadcrumbList","@id":"https:\/\/www.airlivedrive.com\/es\/como-conectar-y-desconectar-las-nubes-a-los-discos\/#breadcrumb","itemListElement":[{"@type":"ListItem","position":1,"name":"Home","item":"https:\/\/www.airlivedrive.com\/es\/"},{"@type":"ListItem","position":2,"name":"\u00bfC\u00f3mo conectar y desconectar las nubes a los discos?"}]},{"@type":"WebSite","@id":"https:\/\/www.airlivedrive.com\/es\/#website","url":"https:\/\/www.airlivedrive.com\/es\/","name":"Air Live Drive","description":"cloud manager","publisher":{"@id":"https:\/\/www.airlivedrive.com\/es\/#organization"},"potentialAction":[{"@type":"SearchAction","target":{"@type":"EntryPoint","urlTemplate":"https:\/\/www.airlivedrive.com\/es\/?s={search_term_string}"},"query-input":{"@type":"PropertyValueSpecification","valueRequired":true,"valueName":"search_term_string"}}],"inLanguage":"es"},{"@type":"Organization","@id":"https:\/\/www.airlivedrive.com\/es\/#organization","name":"Air Live Drive","url":"https:\/\/www.airlivedrive.com\/es\/","logo":{"@type":"ImageObject","inLanguage":"es","@id":"https:\/\/www.airlivedrive.com\/es\/#\/schema\/logo\/image\/","url":"https:\/\/www.airlivedrive.com\/es\/wp-content\/uploads\/sites\/8\/2019\/02\/airlivedrive_120x120.png","contentUrl":"https:\/\/www.airlivedrive.com\/es\/wp-content\/uploads\/sites\/8\/2019\/02\/airlivedrive_120x120.png","width":120,"height":120,"caption":"Air Live Drive"},"image":{"@id":"https:\/\/www.airlivedrive.com\/es\/#\/schema\/logo\/image\/"}}]}},"_links":{"self":[{"href":"https:\/\/www.airlivedrive.com\/es\/wp-json\/wp\/v2\/pages\/631","targetHints":{"allow":["GET"]}}],"collection":[{"href":"https:\/\/www.airlivedrive.com\/es\/wp-json\/wp\/v2\/pages"}],"about":[{"href":"https:\/\/www.airlivedrive.com\/es\/wp-json\/wp\/v2\/types\/page"}],"author":[{"embeddable":true,"href":"https:\/\/www.airlivedrive.com\/es\/wp-json\/wp\/v2\/users\/1"}],"replies":[{"embeddable":true,"href":"https:\/\/www.airlivedrive.com\/es\/wp-json\/wp\/v2\/comments?post=631"}],"version-history":[{"count":5,"href":"https:\/\/www.airlivedrive.com\/es\/wp-json\/wp\/v2\/pages\/631\/revisions"}],"predecessor-version":[{"id":2554,"href":"https:\/\/www.airlivedrive.com\/es\/wp-json\/wp\/v2\/pages\/631\/revisions\/2554"}],"wp:attachment":[{"href":"https:\/\/www.airlivedrive.com\/es\/wp-json\/wp\/v2\/media?parent=631"}],"curies":[{"name":"wp","href":"https:\/\/api.w.org\/{rel}","templated":true}]}}