{"id":898,"date":"2019-02-07T18:49:05","date_gmt":"2019-02-07T18:49:05","guid":{"rendered":"https:\/\/www.airlivedrive.com\/es\/?page_id=898"},"modified":"2021-04-29T19:55:43","modified_gmt":"2021-04-29T19:55:43","slug":"empresa","status":"publish","type":"page","link":"https:\/\/www.airlivedrive.com\/es\/empresa\/","title":{"rendered":"Nosotros"},"content":{"rendered":"\t\t<div data-elementor-type=\"wp-post\" data-elementor-id=\"898\" class=\"elementor elementor-898\">\n\t\t\t\t\t\t<section class=\"elementor-section elementor-top-section elementor-element elementor-element-1bc092e elementor-section-boxed elementor-section-height-default elementor-section-height-default\" data-id=\"1bc092e\" data-element_type=\"section\" data-e-type=\"section\">\n\t\t\t\t\t\t<div class=\"elementor-container elementor-column-gap-default\">\n\t\t\t\t\t<div class=\"elementor-column elementor-col-50 elementor-top-column elementor-element elementor-element-ed5f59e\" data-id=\"ed5f59e\" data-element_type=\"column\" data-e-type=\"column\">\n\t\t\t<div class=\"elementor-widget-wrap elementor-element-populated\">\n\t\t\t\t\t\t<div class=\"elementor-element elementor-element-7db1311 elementor-widget elementor-widget-image\" data-id=\"7db1311\" data-element_type=\"widget\" data-e-type=\"widget\" data-widget_type=\"image.default\">\n\t\t\t\t<div class=\"elementor-widget-container\">\n\t\t\t\t\t\t\t\t\t\t\t\t<figure class=\"wp-caption\">\n\t\t\t\t\t\t\t\t\t\t<img fetchpriority=\"high\" decoding=\"async\" width=\"980\" height=\"665\" src=\"https:\/\/www.airlivedrive.com\/es\/wp-content\/uploads\/sites\/8\/2019\/02\/Join-Team-1024x695.jpg\" class=\"attachment-large size-large wp-image-908 img-responsive\" alt=\"\" srcset=\"https:\/\/www.airlivedrive.com\/es\/wp-content\/uploads\/sites\/8\/2019\/02\/Join-Team-1024x695.jpg 1024w, https:\/\/www.airlivedrive.com\/es\/wp-content\/uploads\/sites\/8\/2019\/02\/Join-Team-300x204.jpg 300w, https:\/\/www.airlivedrive.com\/es\/wp-content\/uploads\/sites\/8\/2019\/02\/Join-Team-768x522.jpg 768w, https:\/\/www.airlivedrive.com\/es\/wp-content\/uploads\/sites\/8\/2019\/02\/Join-Team-750x509.jpg 750w\" sizes=\"(max-width: 980px) 100vw, 980px\" \/>\t\t\t\t\t\t\t\t\t\t\t<figcaption class=\"widget-image-caption wp-caption-text\"><\/figcaption>\n\t\t\t\t\t\t\t\t\t\t<\/figure>\n\t\t\t\t\t\t\t\t\t<\/div>\n\t\t\t\t<\/div>\n\t\t\t\t\t<\/div>\n\t\t<\/div>\n\t\t\t\t<div class=\"elementor-column elementor-col-50 elementor-top-column elementor-element elementor-element-99241e0\" data-id=\"99241e0\" data-element_type=\"column\" data-e-type=\"column\">\n\t\t\t<div class=\"elementor-widget-wrap elementor-element-populated\">\n\t\t\t\t\t\t<div class=\"elementor-element elementor-element-5f33336 elementor-widget elementor-widget-icon-box\" data-id=\"5f33336\" data-element_type=\"widget\" data-e-type=\"widget\" data-widget_type=\"icon-box.default\">\n\t\t\t\t<div class=\"elementor-widget-container\">\n\t\t\t\t\t\t\t<div class=\"elementor-icon-box-wrapper\">\n\n\t\t\t\n\t\t\t\t\t\t<div class=\"elementor-icon-box-content\">\n\n\t\t\t\t\t\t\t\t\t<h3 class=\"elementor-icon-box-title\">\n\t\t\t\t\t\t<span  >\n\t\t\t\t\t\t\tNuestra empresa\t\t\t\t\t\t<\/span>\n\t\t\t\t\t<\/h3>\n\t\t\t\t\n\t\t\t\t\t\t\t\t\t<p class=\"elementor-icon-box-description\">\n\t\t\t\t\t\tDesde 2008, nuestra empresa, Iniciativas Inform\u00e1ticas y de Comunicaci\u00f3n, desarrolla un software intuitivo, l\u00f3gico y atractivo enfocado a facilitar la comunicaci\u00f3n entre el usuario y lor servidores de almacenaje\nen la nube.\n<\/br><\/br>\nDesde nuestra sede en Espa\u00f1a nos hemos enfocado a un p\u00fablico global al que llegamos a trav\u00e9s de nuestra labor de marketing digital.\t\t\t\t\t<\/p>\n\t\t\t\t\n\t\t\t<\/div>\n\t\t\t\n\t\t<\/div>\n\t\t\t\t\t\t<\/div>\n\t\t\t\t<\/div>\n\t\t\t\t\t<\/div>\n\t\t<\/div>\n\t\t\t\t\t<\/div>\n\t\t<\/section>\n\t\t\t\t<section class=\"elementor-section elementor-top-section elementor-element elementor-element-c43349d elementor-section-boxed elementor-section-height-default elementor-section-height-default\" data-id=\"c43349d\" data-element_type=\"section\" data-e-type=\"section\">\n\t\t\t\t\t\t<div class=\"elementor-container elementor-column-gap-default\">\n\t\t\t\t\t<div class=\"elementor-column elementor-col-50 elementor-top-column elementor-element elementor-element-e9290a8\" data-id=\"e9290a8\" data-element_type=\"column\" data-e-type=\"column\">\n\t\t\t<div class=\"elementor-widget-wrap elementor-element-populated\">\n\t\t\t\t\t\t<div class=\"elementor-element elementor-element-26b46b2 elementor-widget elementor-widget-icon-box\" data-id=\"26b46b2\" data-element_type=\"widget\" data-e-type=\"widget\" data-widget_type=\"icon-box.default\">\n\t\t\t\t<div class=\"elementor-widget-container\">\n\t\t\t\t\t\t\t<div class=\"elementor-icon-box-wrapper\">\n\n\t\t\t\n\t\t\t\t\t\t<div class=\"elementor-icon-box-content\">\n\n\t\t\t\t\t\t\t\t\t<h3 class=\"elementor-icon-box-title\">\n\t\t\t\t\t\t<span  >\n\t\t\t\t\t\t\tNuestro equipo\t\t\t\t\t\t<\/span>\n\t\t\t\t\t<\/h3>\n\t\t\t\t\n\t\t\t\t\t\t\t\t\t<p class=\"elementor-icon-box-description\">\n\t\t\t\t\t\tCon la visi\u00f3n de crear un software innovador hemos reunido un equipo interdisciplinar que se reparte las tareas de desarrollo y dise\u00f1o software por un lado y, por otro \nla promoci\u00f3n y el marketing online.\n<\/br><\/br>\nAl tener un equipo de especialistas en la misma empresa, la comunicaci\u00f3n entre \ndepartamentos se puede realizar de forma fluida y efectiva.\t\t\t\t\t<\/p>\n\t\t\t\t\n\t\t\t<\/div>\n\t\t\t\n\t\t<\/div>\n\t\t\t\t\t\t<\/div>\n\t\t\t\t<\/div>\n\t\t\t\t\t<\/div>\n\t\t<\/div>\n\t\t\t\t<div class=\"elementor-column elementor-col-50 elementor-top-column elementor-element elementor-element-142a525\" data-id=\"142a525\" data-element_type=\"column\" data-e-type=\"column\">\n\t\t\t<div class=\"elementor-widget-wrap elementor-element-populated\">\n\t\t\t\t\t\t<div class=\"elementor-element elementor-element-4c7e382 elementor-widget elementor-widget-image\" data-id=\"4c7e382\" data-element_type=\"widget\" data-e-type=\"widget\" data-widget_type=\"image.default\">\n\t\t\t\t<div class=\"elementor-widget-container\">\n\t\t\t\t\t\t\t\t\t\t\t\t\t\t\t<img decoding=\"async\" width=\"980\" height=\"654\" src=\"https:\/\/www.airlivedrive.com\/es\/wp-content\/uploads\/sites\/8\/2019\/02\/teamwork-2198961_1920-1024x683.png\" class=\"attachment-large size-large wp-image-909 img-responsive\" alt=\"\" srcset=\"https:\/\/www.airlivedrive.com\/es\/wp-content\/uploads\/sites\/8\/2019\/02\/teamwork-2198961_1920-1024x683.png 1024w, https:\/\/www.airlivedrive.com\/es\/wp-content\/uploads\/sites\/8\/2019\/02\/teamwork-2198961_1920-300x200.png 300w, https:\/\/www.airlivedrive.com\/es\/wp-content\/uploads\/sites\/8\/2019\/02\/teamwork-2198961_1920-768x512.png 768w, https:\/\/www.airlivedrive.com\/es\/wp-content\/uploads\/sites\/8\/2019\/02\/teamwork-2198961_1920-750x500.png 750w, https:\/\/www.airlivedrive.com\/es\/wp-content\/uploads\/sites\/8\/2019\/02\/teamwork-2198961_1920.png 1920w\" sizes=\"(max-width: 980px) 100vw, 980px\" \/>\t\t\t\t\t\t\t\t\t\t\t\t\t\t\t<\/div>\n\t\t\t\t<\/div>\n\t\t\t\t\t<\/div>\n\t\t<\/div>\n\t\t\t\t\t<\/div>\n\t\t<\/section>\n\t\t\t\t<section class=\"elementor-section elementor-top-section elementor-element elementor-element-d12885a elementor-section-boxed elementor-section-height-default elementor-section-height-default\" data-id=\"d12885a\" data-element_type=\"section\" data-e-type=\"section\">\n\t\t\t\t\t\t<div class=\"elementor-container elementor-column-gap-default\">\n\t\t\t\t\t<div class=\"elementor-column elementor-col-100 elementor-top-column elementor-element elementor-element-3bbe9fc\" data-id=\"3bbe9fc\" data-element_type=\"column\" data-e-type=\"column\">\n\t\t\t<div class=\"elementor-widget-wrap elementor-element-populated\">\n\t\t\t\t\t\t<div class=\"elementor-element elementor-element-36ddd33 elementor-widget elementor-widget-text-editor\" data-id=\"36ddd33\" data-element_type=\"widget\" data-e-type=\"widget\" data-widget_type=\"text-editor.default\">\n\t\t\t\t<div class=\"elementor-widget-container\">\n\t\t\t\t\t\t\t\t\t<h3 style=\"text-align: center;\"><strong><span style=\"color: #333300;\">Nuestros productos<\/span><\/strong><\/h3>\t\t\t\t\t\t\t\t<\/div>\n\t\t\t\t<\/div>\n\t\t\t\t\t<\/div>\n\t\t<\/div>\n\t\t\t\t\t<\/div>\n\t\t<\/section>\n\t\t\t\t<section class=\"elementor-section elementor-top-section elementor-element elementor-element-fe21471 elementor-section-boxed elementor-section-height-default elementor-section-height-default\" data-id=\"fe21471\" data-element_type=\"section\" data-e-type=\"section\">\n\t\t\t\t\t\t<div class=\"elementor-container elementor-column-gap-default\">\n\t\t\t\t\t<div class=\"elementor-column elementor-col-33 elementor-top-column elementor-element elementor-element-0595860\" data-id=\"0595860\" data-element_type=\"column\" data-e-type=\"column\">\n\t\t\t<div class=\"elementor-widget-wrap elementor-element-populated\">\n\t\t\t\t\t\t<div class=\"elementor-element elementor-element-02b0192 elementor-position-top elementor-widget elementor-widget-image-box\" data-id=\"02b0192\" data-element_type=\"widget\" data-e-type=\"widget\" data-widget_type=\"image-box.default\">\n\t\t\t\t<div class=\"elementor-widget-container\">\n\t\t\t\t\t<div class=\"elementor-image-box-wrapper\"><figure class=\"elementor-image-box-img\"><a href=\"https:\/\/www.totald.org\/\" tabindex=\"-1\"><img decoding=\"async\" width=\"100\" height=\"115\" src=\"https:\/\/www.airlivedrive.com\/es\/wp-content\/uploads\/sites\/8\/2019\/02\/totald100x115.png\" class=\"attachment-full size-full wp-image-912 img-responsive\" alt=\"\" \/><\/a><\/figure><div class=\"elementor-image-box-content\"><h3 class=\"elementor-image-box-title\"><a href=\"https:\/\/www.totald.org\/\">TotalD<\/a><\/h3><p class=\"elementor-image-box-description\">Creado en 2016.<\/br>\nEl mejor gestor de descargas.<\/br>\nDescarga tus archivos de la manera m\u00e1s r\u00e1pida y efectiva, gestiona los tiempos de espera y los captchas para que las descargas sean m\u00e1s fluidas. <\/p><\/div><\/div>\t\t\t\t<\/div>\n\t\t\t\t<\/div>\n\t\t\t\t\t<\/div>\n\t\t<\/div>\n\t\t\t\t<div class=\"elementor-column elementor-col-33 elementor-top-column elementor-element elementor-element-4c0a2a0\" data-id=\"4c0a2a0\" data-element_type=\"column\" data-e-type=\"column\">\n\t\t\t<div class=\"elementor-widget-wrap elementor-element-populated\">\n\t\t\t\t\t\t<div class=\"elementor-element elementor-element-bb9f37a elementor-position-top elementor-widget elementor-widget-image-box\" data-id=\"bb9f37a\" data-element_type=\"widget\" data-e-type=\"widget\" data-widget_type=\"image-box.default\">\n\t\t\t\t<div class=\"elementor-widget-container\">\n\t\t\t\t\t<div class=\"elementor-image-box-wrapper\"><figure class=\"elementor-image-box-img\"><a href=\"https:\/\/www.airexplorer.net\/\" tabindex=\"-1\"><img loading=\"lazy\" decoding=\"async\" width=\"120\" height=\"120\" src=\"https:\/\/www.airlivedrive.com\/es\/wp-content\/uploads\/sites\/8\/2019\/02\/airexplorer_120x120.png\" class=\"attachment-full size-full wp-image-910 img-responsive\" alt=\"\" \/><\/a><\/figure><div class=\"elementor-image-box-content\"><h3 class=\"elementor-image-box-title\"><a href=\"https:\/\/www.airexplorer.net\/\">Air Explorer<\/a><\/h3><p class=\"elementor-image-box-description\">Creado en 2015<\/br>\nAccede a todas tus nubes desde un solo programa.<\/br>\nGesti\u00f3n directa de tus archivos\nen la nube.<\/p><\/div><\/div>\t\t\t\t<\/div>\n\t\t\t\t<\/div>\n\t\t\t\t\t<\/div>\n\t\t<\/div>\n\t\t\t\t<div class=\"elementor-column elementor-col-33 elementor-top-column elementor-element elementor-element-4a1ebab\" data-id=\"4a1ebab\" data-element_type=\"column\" data-e-type=\"column\">\n\t\t\t<div class=\"elementor-widget-wrap elementor-element-populated\">\n\t\t\t\t\t\t<div class=\"elementor-element elementor-element-b28183b elementor-position-top elementor-widget elementor-widget-image-box\" data-id=\"b28183b\" data-element_type=\"widget\" data-e-type=\"widget\" data-widget_type=\"image-box.default\">\n\t\t\t\t<div class=\"elementor-widget-container\">\n\t\t\t\t\t<div class=\"elementor-image-box-wrapper\"><figure class=\"elementor-image-box-img\"><a href=\"https:\/\/www.airlivedrive.com\/\" tabindex=\"-1\"><img loading=\"lazy\" decoding=\"async\" width=\"120\" height=\"120\" src=\"https:\/\/www.airlivedrive.com\/es\/wp-content\/uploads\/sites\/8\/2019\/02\/airlivedrive_120x120.png\" class=\"attachment-full size-full wp-image-911 img-responsive\" alt=\"\" \/><\/a><\/figure><div class=\"elementor-image-box-content\"><h3 class=\"elementor-image-box-title\"><a href=\"https:\/\/www.airlivedrive.com\/\">Air Live Drive<\/a><\/h3><p class=\"elementor-image-box-description\">Creado en 2018<\/br>\nA\u00f1ade tus nubes como unidades de disco a tu ordenador.<\/br>\nMonta tus nubes como unidades de disco en tu ordenador y trabaja con las nubes como si fueran discos locales.\n<\/p><\/div><\/div>\t\t\t\t<\/div>\n\t\t\t\t<\/div>\n\t\t\t\t\t<\/div>\n\t\t<\/div>\n\t\t\t\t\t<\/div>\n\t\t<\/section>\n\t\t\t\t<\/div>\n\t\t","protected":false},"excerpt":{"rendered":"<p>Nuestra empresa Desde 2008, nuestra empresa, Iniciativas Inform\u00e1ticas y de Comunicaci\u00f3n, desarrolla un software intuitivo, l\u00f3gico y atractivo enfocado a facilitar la comunicaci\u00f3n entre el usuario y lor servidores de almacenaje en la nube. Desde nuestra sede en Espa\u00f1a nos hemos enfocado a un p\u00fablico global al que llegamos a trav\u00e9s de nuestra labor de &#8230; <a href=\"https:\/\/www.airlivedrive.com\/es\/empresa\/\" class=\"more-link text-uppercase small\"><strong>Seguir leyendo<\/strong> <i class=\"fa fa-angle-double-right\" aria-hidden=\"true\"><\/i><\/a><\/p>\n","protected":false},"author":1,"featured_media":0,"parent":0,"menu_order":0,"comment_status":"closed","ping_status":"closed","template":"template_fullwidth.php","meta":{"footnotes":""},"class_list":["post-898","page","type-page","status-publish","hentry"],"yoast_head":"<!-- This site is optimized with the Yoast SEO plugin v27.4 - https:\/\/yoast.com\/product\/yoast-seo-wordpress\/ -->\n<title>Air Live Drive - Conoce nuestra empresa<\/title>\n<meta name=\"description\" content=\"Conoce nuestra empresa y nuestros programas como Air Live Drive\" \/>\n<meta name=\"robots\" content=\"noindex, follow\" \/>\n<meta property=\"og:locale\" content=\"es_ES\" \/>\n<meta property=\"og:type\" content=\"article\" \/>\n<meta property=\"og:title\" content=\"Air Live Drive - Conoce nuestra empresa\" \/>\n<meta property=\"og:description\" content=\"Conoce nuestra empresa y nuestros programas como Air Live Drive\" \/>\n<meta property=\"og:url\" content=\"https:\/\/www.airlivedrive.com\/es\/empresa\/\" \/>\n<meta property=\"og:site_name\" content=\"Air Live Drive\" \/>\n<meta property=\"article:modified_time\" content=\"2021-04-29T19:55:43+00:00\" \/>\n<meta property=\"og:image\" content=\"https:\/\/www.airlivedrive.com\/es\/wp-content\/uploads\/sites\/8\/2019\/02\/Join-Team-1024x695.jpg\" \/>\n<meta name=\"twitter:card\" content=\"summary_large_image\" \/>\n<meta name=\"twitter:label1\" content=\"Tiempo de lectura\" \/>\n\t<meta name=\"twitter:data1\" content=\"2 minutos\" \/>\n<script type=\"application\/ld+json\" class=\"yoast-schema-graph\">{\"@context\":\"https:\\\/\\\/schema.org\",\"@graph\":[{\"@type\":\"WebPage\",\"@id\":\"https:\\\/\\\/www.airlivedrive.com\\\/es\\\/empresa\\\/\",\"url\":\"https:\\\/\\\/www.airlivedrive.com\\\/es\\\/empresa\\\/\",\"name\":\"Air Live Drive - Conoce nuestra empresa\",\"isPartOf\":{\"@id\":\"https:\\\/\\\/www.airlivedrive.com\\\/es\\\/#website\"},\"primaryImageOfPage\":{\"@id\":\"https:\\\/\\\/www.airlivedrive.com\\\/es\\\/empresa\\\/#primaryimage\"},\"image\":{\"@id\":\"https:\\\/\\\/www.airlivedrive.com\\\/es\\\/empresa\\\/#primaryimage\"},\"thumbnailUrl\":\"https:\\\/\\\/www.airlivedrive.com\\\/es\\\/wp-content\\\/uploads\\\/sites\\\/8\\\/2019\\\/02\\\/Join-Team-1024x695.jpg\",\"datePublished\":\"2019-02-07T18:49:05+00:00\",\"dateModified\":\"2021-04-29T19:55:43+00:00\",\"description\":\"Conoce nuestra empresa y nuestros programas como Air Live Drive\",\"breadcrumb\":{\"@id\":\"https:\\\/\\\/www.airlivedrive.com\\\/es\\\/empresa\\\/#breadcrumb\"},\"inLanguage\":\"es\",\"potentialAction\":[{\"@type\":\"ReadAction\",\"target\":[\"https:\\\/\\\/www.airlivedrive.com\\\/es\\\/empresa\\\/\"]}]},{\"@type\":\"ImageObject\",\"inLanguage\":\"es\",\"@id\":\"https:\\\/\\\/www.airlivedrive.com\\\/es\\\/empresa\\\/#primaryimage\",\"url\":\"https:\\\/\\\/www.airlivedrive.com\\\/es\\\/wp-content\\\/uploads\\\/sites\\\/8\\\/2019\\\/02\\\/Join-Team.jpg\",\"contentUrl\":\"https:\\\/\\\/www.airlivedrive.com\\\/es\\\/wp-content\\\/uploads\\\/sites\\\/8\\\/2019\\\/02\\\/Join-Team.jpg\",\"width\":2690,\"height\":1827},{\"@type\":\"BreadcrumbList\",\"@id\":\"https:\\\/\\\/www.airlivedrive.com\\\/es\\\/empresa\\\/#breadcrumb\",\"itemListElement\":[{\"@type\":\"ListItem\",\"position\":1,\"name\":\"Home\",\"item\":\"https:\\\/\\\/www.airlivedrive.com\\\/es\\\/\"},{\"@type\":\"ListItem\",\"position\":2,\"name\":\"Nosotros\"}]},{\"@type\":\"WebSite\",\"@id\":\"https:\\\/\\\/www.airlivedrive.com\\\/es\\\/#website\",\"url\":\"https:\\\/\\\/www.airlivedrive.com\\\/es\\\/\",\"name\":\"Air Live Drive\",\"description\":\"cloud manager\",\"publisher\":{\"@id\":\"https:\\\/\\\/www.airlivedrive.com\\\/es\\\/#organization\"},\"potentialAction\":[{\"@type\":\"SearchAction\",\"target\":{\"@type\":\"EntryPoint\",\"urlTemplate\":\"https:\\\/\\\/www.airlivedrive.com\\\/es\\\/?s={search_term_string}\"},\"query-input\":{\"@type\":\"PropertyValueSpecification\",\"valueRequired\":true,\"valueName\":\"search_term_string\"}}],\"inLanguage\":\"es\"},{\"@type\":\"Organization\",\"@id\":\"https:\\\/\\\/www.airlivedrive.com\\\/es\\\/#organization\",\"name\":\"Air Live Drive\",\"url\":\"https:\\\/\\\/www.airlivedrive.com\\\/es\\\/\",\"logo\":{\"@type\":\"ImageObject\",\"inLanguage\":\"es\",\"@id\":\"https:\\\/\\\/www.airlivedrive.com\\\/es\\\/#\\\/schema\\\/logo\\\/image\\\/\",\"url\":\"https:\\\/\\\/www.airlivedrive.com\\\/es\\\/wp-content\\\/uploads\\\/sites\\\/8\\\/2019\\\/02\\\/airlivedrive_120x120.png\",\"contentUrl\":\"https:\\\/\\\/www.airlivedrive.com\\\/es\\\/wp-content\\\/uploads\\\/sites\\\/8\\\/2019\\\/02\\\/airlivedrive_120x120.png\",\"width\":120,\"height\":120,\"caption\":\"Air Live Drive\"},\"image\":{\"@id\":\"https:\\\/\\\/www.airlivedrive.com\\\/es\\\/#\\\/schema\\\/logo\\\/image\\\/\"}}]}<\/script>\n<!-- \/ Yoast SEO plugin. -->","yoast_head_json":{"title":"Air Live Drive - Conoce nuestra empresa","description":"Conoce nuestra empresa y nuestros programas como Air Live Drive","robots":{"index":"noindex","follow":"follow"},"og_locale":"es_ES","og_type":"article","og_title":"Air Live Drive - Conoce nuestra empresa","og_description":"Conoce nuestra empresa y nuestros programas como Air Live Drive","og_url":"https:\/\/www.airlivedrive.com\/es\/empresa\/","og_site_name":"Air Live Drive","article_modified_time":"2021-04-29T19:55:43+00:00","og_image":[{"url":"https:\/\/www.airlivedrive.com\/es\/wp-content\/uploads\/sites\/8\/2019\/02\/Join-Team-1024x695.jpg","type":"","width":"","height":""}],"twitter_card":"summary_large_image","twitter_misc":{"Tiempo de lectura":"2 minutos"},"schema":{"@context":"https:\/\/schema.org","@graph":[{"@type":"WebPage","@id":"https:\/\/www.airlivedrive.com\/es\/empresa\/","url":"https:\/\/www.airlivedrive.com\/es\/empresa\/","name":"Air Live Drive - Conoce nuestra empresa","isPartOf":{"@id":"https:\/\/www.airlivedrive.com\/es\/#website"},"primaryImageOfPage":{"@id":"https:\/\/www.airlivedrive.com\/es\/empresa\/#primaryimage"},"image":{"@id":"https:\/\/www.airlivedrive.com\/es\/empresa\/#primaryimage"},"thumbnailUrl":"https:\/\/www.airlivedrive.com\/es\/wp-content\/uploads\/sites\/8\/2019\/02\/Join-Team-1024x695.jpg","datePublished":"2019-02-07T18:49:05+00:00","dateModified":"2021-04-29T19:55:43+00:00","description":"Conoce nuestra empresa y nuestros programas como Air Live Drive","breadcrumb":{"@id":"https:\/\/www.airlivedrive.com\/es\/empresa\/#breadcrumb"},"inLanguage":"es","potentialAction":[{"@type":"ReadAction","target":["https:\/\/www.airlivedrive.com\/es\/empresa\/"]}]},{"@type":"ImageObject","inLanguage":"es","@id":"https:\/\/www.airlivedrive.com\/es\/empresa\/#primaryimage","url":"https:\/\/www.airlivedrive.com\/es\/wp-content\/uploads\/sites\/8\/2019\/02\/Join-Team.jpg","contentUrl":"https:\/\/www.airlivedrive.com\/es\/wp-content\/uploads\/sites\/8\/2019\/02\/Join-Team.jpg","width":2690,"height":1827},{"@type":"BreadcrumbList","@id":"https:\/\/www.airlivedrive.com\/es\/empresa\/#breadcrumb","itemListElement":[{"@type":"ListItem","position":1,"name":"Home","item":"https:\/\/www.airlivedrive.com\/es\/"},{"@type":"ListItem","position":2,"name":"Nosotros"}]},{"@type":"WebSite","@id":"https:\/\/www.airlivedrive.com\/es\/#website","url":"https:\/\/www.airlivedrive.com\/es\/","name":"Air Live Drive","description":"cloud manager","publisher":{"@id":"https:\/\/www.airlivedrive.com\/es\/#organization"},"potentialAction":[{"@type":"SearchAction","target":{"@type":"EntryPoint","urlTemplate":"https:\/\/www.airlivedrive.com\/es\/?s={search_term_string}"},"query-input":{"@type":"PropertyValueSpecification","valueRequired":true,"valueName":"search_term_string"}}],"inLanguage":"es"},{"@type":"Organization","@id":"https:\/\/www.airlivedrive.com\/es\/#organization","name":"Air Live Drive","url":"https:\/\/www.airlivedrive.com\/es\/","logo":{"@type":"ImageObject","inLanguage":"es","@id":"https:\/\/www.airlivedrive.com\/es\/#\/schema\/logo\/image\/","url":"https:\/\/www.airlivedrive.com\/es\/wp-content\/uploads\/sites\/8\/2019\/02\/airlivedrive_120x120.png","contentUrl":"https:\/\/www.airlivedrive.com\/es\/wp-content\/uploads\/sites\/8\/2019\/02\/airlivedrive_120x120.png","width":120,"height":120,"caption":"Air Live Drive"},"image":{"@id":"https:\/\/www.airlivedrive.com\/es\/#\/schema\/logo\/image\/"}}]}},"_links":{"self":[{"href":"https:\/\/www.airlivedrive.com\/es\/wp-json\/wp\/v2\/pages\/898","targetHints":{"allow":["GET"]}}],"collection":[{"href":"https:\/\/www.airlivedrive.com\/es\/wp-json\/wp\/v2\/pages"}],"about":[{"href":"https:\/\/www.airlivedrive.com\/es\/wp-json\/wp\/v2\/types\/page"}],"author":[{"embeddable":true,"href":"https:\/\/www.airlivedrive.com\/es\/wp-json\/wp\/v2\/users\/1"}],"replies":[{"embeddable":true,"href":"https:\/\/www.airlivedrive.com\/es\/wp-json\/wp\/v2\/comments?post=898"}],"version-history":[{"count":18,"href":"https:\/\/www.airlivedrive.com\/es\/wp-json\/wp\/v2\/pages\/898\/revisions"}],"predecessor-version":[{"id":1620,"href":"https:\/\/www.airlivedrive.com\/es\/wp-json\/wp\/v2\/pages\/898\/revisions\/1620"}],"wp:attachment":[{"href":"https:\/\/www.airlivedrive.com\/es\/wp-json\/wp\/v2\/media?parent=898"}],"curies":[{"name":"wp","href":"https:\/\/api.w.org\/{rel}","templated":true}]}}